 {"id":1755,"date":"2021-06-30T14:12:26","date_gmt":"2021-06-30T12:12:26","guid":{"rendered":"https:\/\/spanasol.com\/declaration-de-confidentialite-ue\/"},"modified":"2021-09-16T10:52:48","modified_gmt":"2021-09-16T08:52:48","slug":"privacy-statement-ue","status":"publish","type":"page","link":"https:\/\/spanasol.com\/en\/privacy-statement-ue\/","title":{"rendered":"Privacy statement (UE)"},"content":{"rendered":"\n<!-- Legal document generated by Complianz | GDPR\/CCPA Cookie Consent https:\/\/wordpress.org\/plugins\/complianz-gdpr -->\n<div id=\"cmplz-document\" class=\"cmplz-document privacy-statement cmplz-document-eu\"><p><i>This privacy statement was last updated on 3 October 2025 and applies to citizens and legal permanent residents of the European Economic Area and Switzerland.<\/i><br \/><br \/><\/p><p><p>In this privacy statement, we explain what we do with the data we obtain about you via <a href=\"https:\/\/spanasol.com\/en\/\">https:\/\/spanasol.com\/en\/<\/a>. We recommend you carefully read this statement. In our processing we comply with the requirements of privacy legislation. That means, among other things, that:<\/p><ul>\n                <li>we clearly state the purposes for which we process personal data. We do this by means of this privacy statement;<\/li>\n                <li>we aim to limit our collection of personal data to only the personal data required for legitimate purposes;<\/li>\n                <li>we first request your explicit consent to process your personal data in cases requiring your consent;<\/li>\n                <li>we take appropriate security measures to protect your personal data and also require this from parties that process personal data on our behalf;<\/li>\n                <li>we respect your right to access your personal data or have it corrected or deleted, at your request.<\/li>\n            <\/ul><p>If you have any questions, or want to know exactly what data we keep of you, please contact us.<\/p><\/p><h2>1. Purpose, data and retention period<\/h2>We may collect or receive personal information for a number of purposes connected with our business operations which may include the following: (click to expand)<details class=\"cmplz-dropdown dropdown-privacy-statement\"><summary><div><h3>1.1 Contact &#8211; Through phone, mail, email and\/or webforms<\/h3><\/div><\/summary><p class=\"cmplz-subtitle\">For this purpose we use the following data:<\/p><p><ul><li>A first and last name<\/li><li>A home or other physical address, including street name and name of a city or town<\/li><li>An email address<\/li><li>A telephone number<\/li><\/ul><\/p><p class=\"cmplz-subtitle\">The basis on which we may process these data is:<\/p><p><a target=\"_blank\" rel=\"noopener noreferrer nofollow\" href=\"https:\/\/cookiedatabase.org\/legal-bases\/#consent\">Upon the provision of consent.<\/a><\/p><p class=\"cmplz-subtitle\">Retention period<\/p><p>We retain this data until the service is terminated.<\/p><\/details><h2>2. Cookies<\/h2><p>Our website uses cookies. For more information about cookies, please refer to our <a href=\"https:\/\/spanasol.com\/en\/cookie-statement-eu\/\">Cookie Policy<\/a>.&nbsp;<\/p><h2>3. Disclosure practices<\/h2><p><p>We disclose personal information if we are required by law or by a court order, in response to a law enforcement agency, to the extent permitted under other provisions of law, to provide information, or for an investigation on a matter related to public safety.<\/p><p>If our website or organisation is taken over, sold, or involved in a merger or acquisition, your details may be disclosed to our advisers and any prospective purchasers and will be passed on to the new owners.<\/p><\/p><h2>4. Security<\/h2><p>We are committed to the security of personal data. We take appropriate security measures to limit abuse of and unauthorized access to personal data. This ensures that only the necessary persons have access to your data, that access to the data is protected, and that our security measures are regularly reviewed.<\/p><h2>5. Third-party websites<\/h2><p>This privacy statement does not apply to third-party websites connected by links on our website. We cannot guarantee that these third parties handle your personal data in a reliable or secure manner. We recommend you read the privacy statements of these websites prior to making use of these websites.<\/p><h2>6. Amendments to this privacy statement<\/h2><p>We reserve the right to make amendments to this privacy statement. It is recommended that you consult this privacy statement regularly in order to be aware of any changes. In addition, we will actively inform you wherever possible.<\/p><h2>7. Accessing and modifying your data<\/h2><p>If you have any questions or want to know which personal data we have about you, please contact us. You can contact us by using the information below. You have the following rights:<\/p><ul>\n                <li>You have the right to know why your personal data is needed, what will happen to it, and how long it will be retained for.<\/li>\n                <li>Right of access: You have the right to access your personal data that is known to us.<\/li>\n                <li>Right to rectification: you have the right to supplement, correct, have deleted or blocked your personal data whenever you wish.<\/li>\n                <li>If you give us your consent to process your data, you have the right to revoke that consent and to have your personal data deleted.<\/li>\n                <li>Right to transfer your data: you have the right to request all your personal data from the controller and transfer it in its entirety to another controller.<\/li>\n                <li>Right to object: you may object to the processing of your data. We comply with this, unless there are justified grounds for processing.<\/li>\n            <\/ul><p>Please make sure to always clearly state who you are, so that we can be certain that we do not modify or delete any data of the wrong person.<\/p><h2>8. Submitting a complaint<\/h2><p>If you are not satisfied with the way in which we handle (a complaint about) the processing of your personal data, you have the right to submit a complaint to the Data Protection Authority.<\/p><h2>9. Contact details<\/h2><p>Interpole<br \/>\n        12 Rue Fran\u00e7ois Perroux, 34670 Baillargues<br \/>\n        France<br \/>\n        Website: <a href=\"https:\/\/spanasol.com\/en\/\">https:\/\/spanasol.com\/en\/<\/a> <br \/>\n        Email: <span class=\"cmplz-obfuscate\">&#099;o&#110;t&#097;&#099;&#116;@<span class=\"cmplz-fmail-domain\">ex&#046;&#099;o&#109;<\/span>&#115;p&#097;n&#097;&#115;&#111;&#108;.&#099;&#111;m<\/span> <br \/>\n        Phone number: 04 99 52 89 40<\/p><h2>Annex<\/h2><p><h3>Google Web Fonts<\/h3><p>Pour une repr\u00e9sentation uniforme des polices, cette page utilise des polices web fournies par Google. Lorsque vous ouvrez une page, votre navigateur charge les polices web requises dans la m\u00e9moire cache de votre navigateur afin d&#8217;afficher correctement les textes et les polices.<\/p><p>Pour ce faire, votre navigateur doit \u00e9tablir une connexion directe avec les serveurs de Google. Google sait ainsi que votre adresse IP a permis d&#8217;acc\u00e9der \u00e0 notre page web. L&#8217;utilisation des polices Web de Google a pour but d&#8217;assurer une pr\u00e9sentation uniforme et attrayante de notre plugin. Il s&#8217;agit d&#8217;un int\u00e9r\u00eat justifi\u00e9 conform\u00e9ment \u00e0 l&#8217;art. 6 (1) (f) DSGVO.<\/p><p>Si votre navigateur ne prend pas en charge les polices Web, une police standard est utilis\u00e9e par votre ordinateur.<\/p><p>Vous trouverez de plus amples informations sur le traitement des donn\u00e9es des utilisateurs \u00e0 l&#8217;adresse https:\/\/developers.google.com\/fonts\/faq et dans la politique de confidentialit\u00e9 de Google \u00e0 l&#8217;adresse https:\/\/www.google.com\/policies\/privacy\/.<\/p><h2>Complianz | The Privacy Suite for WordPress<\/h2><p>Ce site web utilise la Privacy Suite for WordPress de Complianz pour collecter les recueils de consentement.&nbsp;Pour cette fonctionnalit\u00e9, votre adresse IP est rendue anonyme et stock\u00e9e dans notre base de donn\u00e9es.&nbsp;Pour plus d\u2019informations, consultez la <a href=\"https:\/\/complianz.io\/privacy-statement\/\">D\u00e9claration de confidentialit\u00e9<\/a> de Complianz.<\/p><h2>WPML String Translation<\/h2><p>La Traduction de cha\u00eene WPML enverra toutes les cha\u00eenes \u00e0 l&#8217;\u00c9diteur de traduction avanc\u00e9 de WPML et aux services de traduction utilis\u00e9s.<\/p><h2>WPML Translation Management<\/h2><p>La Gestion de traduction WPML enverra l&#8217;adresse e-mail et le nom de chaque gestionnaire et traducteur assign\u00e9 ainsi que les contenus eux-m\u00eames \u00e0 l&#8217;\u00c9diteur de traduction avanc\u00e9 et aux services de traduction utilis\u00e9s.<\/p><h2>WPML Media Translation<\/h2><p>La Traduction de fichiers m\u00e9dias WPML enverra l&#8217;adresse e-mail et le nom de chaque gestionnaire et traducteur assign\u00e9 ainsi que le contenu m\u00eame \u00e0 l&#8217;\u00c9diteur de traduction avanc\u00e9 et aux services de traduction utilis\u00e9s.<\/p><h2>WPML<\/h2><p>WPML utilise des cookies pour identifier la langue actuelle du visiteur, la langue derni\u00e8rement consult\u00e9e et la langue des utilisateurs qui se sont connect\u00e9s.<\/p><p>Lorsque vous utilisez le plugin, WPML partagera des donn\u00e9es concernant le site \u00e0 travers Installer. Aucune donn\u00e9e concernant directement l&#8217;utilisateur ne sera partag\u00e9e.<\/p><\/p><\/div>","protected":false},"excerpt":{"rendered":"","protected":false},"author":4,"featured_media":0,"parent":0,"menu_order":36,"comment_status":"closed","ping_status":"closed","template":"","meta":{"_acf_changed":false,"_monsterinsights_skip_tracking":false,"_monsterinsights_sitenote_active":false,"_monsterinsights_sitenote_note":"","_monsterinsights_sitenote_category":0,"footnotes":""},"class_list":["post-1755","page","type-page","status-publish","hentry"],"acf":[],"aioseo_notices":[],"_links":{"self":[{"href":"https:\/\/spanasol.com\/en\/wp-json\/wp\/v2\/pages\/1755","targetHints":{"allow":["GET"]}}],"collection":[{"href":"https:\/\/spanasol.com\/en\/wp-json\/wp\/v2\/pages"}],"about":[{"href":"https:\/\/spanasol.com\/en\/wp-json\/wp\/v2\/types\/page"}],"author":[{"embeddable":true,"href":"https:\/\/spanasol.com\/en\/wp-json\/wp\/v2\/users\/4"}],"replies":[{"embeddable":true,"href":"https:\/\/spanasol.com\/en\/wp-json\/wp\/v2\/comments?post=1755"}],"version-history":[{"count":3,"href":"https:\/\/spanasol.com\/en\/wp-json\/wp\/v2\/pages\/1755\/revisions"}],"predecessor-version":[{"id":1771,"href":"https:\/\/spanasol.com\/en\/wp-json\/wp\/v2\/pages\/1755\/revisions\/1771"}],"wp:attachment":[{"href":"https:\/\/spanasol.com\/en\/wp-json\/wp\/v2\/media?parent=1755"}],"curies":[{"name":"wp","href":"https:\/\/api.w.org\/{rel}","templated":true}]}}