 {"id":1700,"date":"2021-09-15T16:27:44","date_gmt":"2021-09-15T14:27:44","guid":{"rendered":"https:\/\/spanasol.com\/home\/"},"modified":"2021-09-16T11:34:19","modified_gmt":"2021-09-16T09:34:19","slug":"home","status":"publish","type":"page","link":"https:\/\/spanasol.com\/es\/","title":{"rendered":"Home"},"content":{"rendered":"<div class=\"wpb-content-wrapper\">[mk_page_section bg_repeat=\u00bbno-repeat\u00bb min_height=\u00bb0&#8243; full_width=\u00bbtrue\u00bb full_height=\u00bbtrue\u00bb padding_top=\u00bb0&#8243; padding_bottom=\u00bb0&#8243; el_class=\u00bbsection-slider\u00bb sidebar=\u00bbsidebar-1&#8243;][vc_column]\n\t\t\t<!-- START Home  Desktop  ES REVOLUTION SLIDER 6.6.16 --><p class=\"rs-p-wp-fix\"><\/p>\n\t\t\t<rs-module-wrap id=\"rev_slider_5_1_wrapper\" data-source=\"gallery\" style=\"visibility:hidden;background:transparent;padding:0;\">\n\t\t\t\t<rs-module id=\"rev_slider_5_1\" style=\"\" data-version=\"6.6.16\">\n\t\t\t\t\t<rs-slides style=\"overflow: hidden; position: absolute;\">\n\t\t\t\t\t\t<rs-slide style=\"position: absolute;\" data-key=\"rs-11\" data-title=\"Slide 1\" data-duration=\"30000ms\" data-in=\"o:1;\" data-out=\"o:1;\">\n\t\t\t\t\t\t\t<img decoding=\"async\" src=\"\/\/spanasol.com\/wp-content\/plugins\/revslider\/public\/assets\/assets\/dummy.png\" alt=\"tapas espagnols\" width=\"1920\" height=\"1080\" class=\"rev-slidebg tp-rs-img rs-lazyload\" data-lazyload=\"\/\/spanasol.com\/wp-content\/uploads\/2021\/08\/video-new.jpg\" data-no-retina>\n\t\t\t\t\t\t\t<rs-bgvideo \n\t\t\t\t\t\t\t\tdata-video=\"vc:none;w:100%;h:100%;nse:false;rwd:false;l:true;ptimer:false;\"\n\t\t\t\t\t\t\t\tdata-ytid=\"Rv2NpQCXaVU\"\n\t\t\t\t\t\t\t\tdata-vatr=\"version=3&amp;enablejsapi=1&amp;html5=1&amp;hd=1&amp;wmode=opaque&amp;showinfo=0&amp;rel=0&amp;origin=https:\/\/spanasol.com;\"\n\t\t\t\t\t\t\t><\/rs-bgvideo>\n<!--\n\t\t\t\t\t\t\t--><rs-layer\n\t\t\t\t\t\t\t\tid=\"slider-5-slide-11-layer-0\" \n\t\t\t\t\t\t\t\tdata-type=\"text\"\n\t\t\t\t\t\t\t\tdata-rsp_ch=\"on\"\n\t\t\t\t\t\t\t\tdata-xy=\"x:r;y:b;yo:50px,100px,100px,100px;\"\n\t\t\t\t\t\t\t\tdata-text=\"w:normal;s:20,16,16,16;l:25,20,20,20;\"\n\t\t\t\t\t\t\t\tdata-frame_999=\"o:0;st:w;\"\n\t\t\t\t\t\t\t\tstyle=\"z-index:8;font-family:'Roboto';\"\n\t\t\t\t\t\t\t><a class=\"btn btn-yellow btn-arrow arrow-dark-yellow\" href=\"https:\/\/www.youtube.com\/channel\/UCmCLN_zsBkwkgSD7lI4FhiQ\" target=\"\">\n                <span class=\"content-btn txt-\">Ver todos los v\u00eddeos<\/span>\n                <span class=\"svg-btn\">\n                    <svg version=\"1.1\" xmlns=\"http:\/\/www.w3.org\/2000\/svg\" xmlns:xlink=\"http:\/\/www.w3.org\/1999\/xlink\" x=\"0px\" y=\"0px\"\n         viewBox=\"0 0 188.1 92.7\" style=\"enable-background:new 0 0 188.1 92.7;\" xml:space=\"preserve\">\n                        <g transform=\"matrix(1, 0, 0, 1, 0, 0)\" class=\"st0\">\n                            <path class=\"st1\" d=\"M187.8,49.7c-3.9,19.2-25.6,22.3-55,30.1c-37.5,9.9-60.4,14.6-78.2,12.3\n            C24.4,88.3-5.2,63.7,0.8,34.6C7.5,1.9,69.8-2.1,100.1,0.8c19.2,1.9,45.8,10.1,58.9,16.4C180.9,27.7,190.2,36.3,187.8,49.7z\"\/>\n                        <\/g>\n                    <\/svg>\n                <\/span><span class=\"arrow-btn\">\n                            <svg data-name=\"Composant 8 \u2013 2\" xmlns=\"http:\/\/www.w3.org\/2000\/svg\" xmlns:xlink=\"http:\/\/www.w3.org\/1999\/xlink\" width=\"15\" height=\"20\" viewBox=\"0 0 15 20\">\n                                <defs>\n                                    <clipPath>\n                                    <path data-name=\"Trac\u00e9 42\" d=\"M0,0H20V15H0Z\" transform=\"translate(31 50.5) rotate(-90)\" fill=\"#fff\"\/>\n                                    <\/clipPath>\n                                <\/defs>\n                                <g data-name=\"Groupe 6\" transform=\"translate(-31 -30.5)\" clip-path=\"url(#clip-path)\">\n                                    <path data-name=\"Trac\u00e9 41\" d=\"M45.426,50.27a1.04,1.04,0,0,0,.453-.562,1.759,1.759,0,0,0-.348-1.883c-2.972-2.236-6.005-4.3-9-6.456-.365-.263-.728-.526-1.09-.793,3.329-2.539,6.728-4.89,10.03-7.5.838-.663.46-2.75-.49-2.567-2.961.573-3.516,1.5-9.306,4.542a21.71,21.71,0,0,0-3.063,2.277,15.947,15.947,0,0,0-1.142,1.353,2.891,2.891,0,0,0-.16,2.87,11.894,11.894,0,0,0,2.245,2.075A34.637,34.637,0,0,0,38.5,47.08c2.17,1.273,3.962,2.144,6.15,3.354a.662.662,0,0,0,.773-.165Z\" fill=\"#fff\"\/>\n                                <\/g>\n                            <\/svg>\n                        <\/span>\n                    <\/a> \n\t\t\t\t\t\t\t<\/rs-layer><!--\n-->\t\t\t\t\t\t<\/rs-slide>\n\t\t\t\t\t<\/rs-slides>\n\t\t\t\t<\/rs-module>\n\t\t\t\t<script>\n\t\t\t\t\tsetREVStartSize({c: 'rev_slider_5_1',rl:[1240,1024,1024,1024],el:[900,768,768,768],gw:[1240,1024,1024,1024],gh:[900,768,768,768],type:'standard',justify:'',layout:'fullscreen',offsetContainer:'',offset:'0px',mh:\"0\"});if (window.RS_MODULES!==undefined && window.RS_MODULES.modules!==undefined && window.RS_MODULES.modules[\"revslider51\"]!==undefined) {window.RS_MODULES.modules[\"revslider51\"].once = false;window.revapi5 = undefined;if (window.RS_MODULES.checkMinimal!==undefined) window.RS_MODULES.checkMinimal()}\n\t\t\t\t<\/script>\n\t\t\t\t<script src=\"https:\/\/www.youtube.com\/iframe_api\"><\/script>\n\t\t\t<\/rs-module-wrap>\n\t\t\t<!-- END REVOLUTION SLIDER -->\n[\/vc_column][\/mk_page_section][mk_page_section vertical_align=\u00bbtop\u00bb bg_repeat=\u00bbno-repeat\u00bb min_height=\u00bb0&#8243; full_width=\u00bbtrue\u00bb padding_top=\u00bb0&#8243; padding_bottom=\u00bb0&#8243; el_class=\u00bbsection-slider mobile-show\u00bb sidebar=\u00bbsidebar-1&#8243;][vc_column]\n\t\t\t<!-- START Home  mobile REVOLUTION SLIDER 6.6.16 --><p class=\"rs-p-wp-fix\"><\/p>\n\t\t\t<rs-module-wrap id=\"rev_slider_2_2_wrapper\" data-source=\"gallery\" style=\"visibility:hidden;background:transparent;padding:0;margin:0px auto;margin-top:0;margin-bottom:0;max-width:none;\">\n\t\t\t\t<rs-module id=\"rev_slider_2_2\" style=\"\" data-version=\"6.6.16\">\n\t\t\t\t\t<rs-slides style=\"overflow: hidden; position: absolute;\">\n\t\t\t\t\t\t<rs-slide style=\"position: absolute;\" data-key=\"rs-5\" data-title=\"Slide 1\" data-thumb=\"\/\/spanasol.com\/wp-content\/uploads\/2021\/08\/video-new-50x100.jpg\" data-duration=\"30000ms\" data-in=\"o:1;\" data-out=\"o:1;\">\n\t\t\t\t\t\t\t<img decoding=\"async\" src=\"\/\/spanasol.com\/wp-content\/plugins\/revslider\/public\/assets\/assets\/dummy.png\" alt=\"tapas espagnols\" width=\"1920\" height=\"1080\" class=\"rev-slidebg tp-rs-img rs-lazyload\" data-lazyload=\"\/\/spanasol.com\/wp-content\/uploads\/2021\/08\/video-new.jpg\" data-no-retina>\n\t\t\t\t\t\t\t<rs-bgvideo \n\t\t\t\t\t\t\t\tdata-video=\"vc:none;w:100%;h:100%;nse:false;rwd:false;l:true;ptimer:false;\"\n\t\t\t\t\t\t\t\tdata-ytid=\"Rv2NpQCXaVU\"\n\t\t\t\t\t\t\t\tdata-vatr=\"version=3&amp;enablejsapi=1&amp;html5=1&amp;hd=1&amp;wmode=opaque&amp;showinfo=0&amp;rel=0&amp;origin=https:\/\/spanasol.com;\"\n\t\t\t\t\t\t\t><\/rs-bgvideo>\n<!---->\t\t\t\t\t\t<\/rs-slide>\n\t\t\t\t\t\t<rs-slide style=\"position: absolute;\" data-key=\"rs-8\" data-title=\"Slide 1\" data-thumb=\"\/\/spanasol.com\/wp-content\/uploads\/2021\/06\/video2x-scaled-50x100.jpg\" data-duration=\"30000ms\" data-anim=\"ms:16000;r:0;\" data-in=\"o:0;\" data-out=\"a:false;\">\n\t\t\t\t\t\t\t<img decoding=\"async\" src=\"\/\/spanasol.com\/wp-content\/plugins\/revslider\/public\/assets\/assets\/dummy.png\" alt=\"snacks apero espagne\" width=\"2560\" height=\"1553\" class=\"rev-slidebg tp-rs-img rs-lazyload\" data-lazyload=\"\/\/spanasol.com\/wp-content\/uploads\/2021\/06\/video2x-scaled.jpg\" data-no-retina>\n<!--\n\t\t\t\t\t\t\t--><rs-layer\n\t\t\t\t\t\t\t\tid=\"slider-2-slide-8-layer-0\" \n\t\t\t\t\t\t\t\tclass=\"rs-fsv rs-layer-video intrinsic-ignore\"\n\t\t\t\t\t\t\t\tdata-type=\"video\"\n\t\t\t\t\t\t\t\tdata-rsp_ch=\"on\"\n\t\t\t\t\t\t\t\tdata-xy=\"x:0;y:0;\"\n\t\t\t\t\t\t\t\tdata-text=\"w:normal;s:20,20,20,7;l:0,0,0,9;\"\n\t\t\t\t\t\t\t\tdata-dim=\"w:100%;h:100%;\"\n\t\t\t\t\t\t\t\tdata-basealign=\"slide\"\n\t\t\t\t\t\t\t\tdata-video=\"twa:false;ap:false;v:50;vd:50;rwd:f;fc:true;l:false;ptimer:false;inl:f;\"\n\t\t\t\t\t\t\t\tdata-ytid=\"Rv2NpQCXaVU\"\n\t\t\t\t\t\t\t\tdata-vatr=\"version=3&amp;enablejsapi=1&amp;html5=1&amp;volume=50&amp;modestbranding=0&amp;rel=0&amp;showinfo=0&amp;origin=https:\/\/spanasol.com;\"\n\t\t\t\t\t\t\t\tdata-frame_999=\"o:0;st:w;sp:80;sR:15700;\"\n\t\t\t\t\t\t\t\tstyle=\"z-index:8;\"\n\t\t\t\t\t\t\t>\n\t\t\t\t\t\t\t<\/rs-layer><!--\n-->\t\t\t\t\t\t<\/rs-slide>\n\t\t\t\t\t<\/rs-slides>\n\t\t\t\t<\/rs-module>\n\t\t\t\t<script>\n\t\t\t\t\tsetREVStartSize({c: 'rev_slider_2_2',rl:[1240,1240,1240,480],el:[900,900,900,270],gw:[1240,1240,1240,480],gh:[900,900,900,270],type:'standard',justify:'',layout:'fullwidth',mh:\"0\"});if (window.RS_MODULES!==undefined && window.RS_MODULES.modules!==undefined && window.RS_MODULES.modules[\"revslider22\"]!==undefined) {window.RS_MODULES.modules[\"revslider22\"].once = false;window.revapi2 = undefined;if (window.RS_MODULES.checkMinimal!==undefined) window.RS_MODULES.checkMinimal()}\n\t\t\t\t<\/script>\n\t\t\t<\/rs-module-wrap>\n\t\t\t<!-- END REVOLUTION SLIDER -->\n[vc_raw_html]W3N2Z19idG4gYnRuLW5hbWU9IlZlciB0b2RvcyBsb3MgdsOtZGVvcyIgY29sb3ItYmc9InllbGxvdyIgY29sb3ItYXJyb3c9ImRhcmsteWVsbG93IiBocmVmPSJodHRwczovL3d3dy55b3V0dWJlLmNvbS9jaGFubmVsL1VDbUNMTl96c0Jrd2tnU0Q3bEk0RmhpUSJd[\/vc_raw_html][\/vc_column][\/mk_page_section][mk_page_section padding_top=\u00bb100&#8243; padding_bottom=\u00bb100&#8243; el_class=\u00bbsvg-waves wave-transparent-red-2 section-recette-mois\u00bb sidebar=\u00bbsidebar-1&#8243;][vc_column width=\u00bb1\/2&#8243; el_class=\u00bbtext-left\u00bb][vc_row_inner][vc_column_inner][vc_column_text css=\u00bb.vc_custom_1625650094681{margin-bottom: 0px !important;}\u00bb]\n<h2>Cita con Spa\u00f1asol : cocine con nosotros !<\/h2>\n[\/vc_column_text][vc_column_text css=\u00bb.vc_custom_1627889457631{margin-bottom: 0px !important;}\u00bb]Tiene una cita con Spa\u00f1asol todos los meses para descubrir una nueva receta ![\/vc_column_text][vc_column_text css=\u00bb.vc_custom_1631716139292{margin-bottom: 0px !important;}\u00bb]<span class=\"yellow-span\">Para el mes de agosto,<\/span><br \/>\nLa tabla de tapas Spa\u00f1asol ![\/vc_column_text][vc_raw_html el_class=\u00bbcontent-bouton\u00bb]W3N2Z19idG4gYnRuLW5hbWU9IkFkZWxhbnRlIiBjb2xvci1iZz0id2hpdGUiIGNvbG9yLWFycm93PSJyZWQiIGhyZWY9Ii9lcy9yZWNldGFzL2xhLXRhYmxhLWRlLXRhcGFzLWRlLXNwYW5hc29sLyJd[\/vc_raw_html][vc_raw_html]W3N2ZyBuYW1lPSJmbGVjaGUiXQ==[\/vc_raw_html][\/vc_column_inner][\/vc_row_inner][\/vc_column][vc_column width=\u00bb1\/2&#8243; el_class=\u00bbimage-right\u00bb][vc_row_inner][vc_column_inner][mk_image src=\u00bbhttps:\/\/spanasol.com\/wp-content\/uploads\/2021\/08\/recette-spanasol-tapas&#8211;scaled.jpg\u00bb image_size=\u00bbfull\u00bb margin_bottom=\u00bb0&#8243; el_class=\u00bbmask\u00bb][vc_raw_html]PGRpdiBjbGFzcz0iY29udGVudC1pbWFnZSI+DQo8aDM+UmVjZXRhIGRlbCBtZXMNCltzdmcgbmFtZT0icGFzdGlsbGUiXTwvaDM+DQpbc3ZnIG5hbWU9ImdyaWZmZS1qYXVuZSJdDQoNCjwvZGl2Pg==[\/vc_raw_html][\/vc_column_inner][\/vc_row_inner][\/vc_column][\/mk_page_section][mk_page_section padding_top=\u00bb100&#8243; padding_bottom=\u00bb100&#8243; el_class=\u00bbsection-produits svg-waves wave-transparent-white\u00bb sidebar=\u00bbsidebar-1&#8243;][vc_column][vc_row_inner][vc_column_inner][vc_column_text css=\u00bb.vc_custom_1623750691573{margin-bottom: 0px !important;}\u00bb]\n<h2>Nuestros productos<\/h2>\n[\/vc_column_text][vc_raw_html]W3Nob3dfZ2FtbWVzXQ==[\/vc_raw_html][vc_raw_html el_class=\u00bbcontent-bouton\u00bb]W3N2Z19idG4gYnRuLW5hbWU9IlZlciB0b2RvcyBudWVzdHJvcyBwcm9kdWN0b3MiIGNvbG9yLWJnPSJ5ZWxsb3ciIGNvbG9yLWFycm93PSJibGFjayIgaHJlZj0iL2VzL251ZXN0cm9zLXByb2R1Y3Rvcy8iXQ==[\/vc_raw_html][\/vc_column_inner][\/vc_row_inner][\/vc_column][\/mk_page_section][mk_page_section padding_top=\u00bb200&#8243; padding_bottom=\u00bb200&#8243; el_class=\u00bbsection-histoire\u00bb sidebar=\u00bbsidebar-1&#8243;][vc_column width=\u00bb1\/2&#8243; el_class=\u00bbtext-left\u00bb][vc_row_inner][vc_column_inner][vc_single_image image=\u00bb287&#8243; img_size=\u00bbfull\u00bb][vc_column_text css=\u00bb.vc_custom_1624783592885{margin-bottom: 0px !important;}\u00bb]\n<h2>Toda Espa\u00f1a en su plato\u00a0!<\/h2>\n[\/vc_column_text][vc_column_text css=\u00bb.vc_custom_1624783598313{margin-bottom: 0px !important;}\u00bb]La marca Spa\u00f1asol, creada en 2019 a partir de la modernizaci\u00f3n de la marca Spanico, alegrar\u00e1 sus papilas gustativas y traer\u00e1 el sol a su plato con sus m\u00e1s de 200 referencias.[\/vc_column_text][vc_raw_html el_class=\u00bbcontent-bouton\u00bb]W3N2Z19idG4gYnRuLW5hbWU9IkxhIGhpc3RvcmlhIGRlIFNwYcOxYXNvbCIgY29sb3ItYmc9IndoaXRlIiBjb2xvci1hcnJvdz0ieWVsbG93IiBocmVmPSIvZXMvcXVpZW5lcy1zb21vcy8iXQ==[\/vc_raw_html][\/vc_column_inner][\/vc_row_inner][\/vc_column][vc_column width=\u00bb1\/2&#8243; el_class=\u00bbimage-right\u00bb][vc_row_inner][vc_column_inner][mk_image src=\u00bbhttps:\/\/spanasol.com\/wp-content\/uploads\/2021\/06\/magasin.jpg\u00bb image_size=\u00bbfull\u00bb margin_bottom=\u00bb0&#8243; el_class=\u00bbmask\u00bb][vc_raw_html]PGRpdiBjbGFzcz0iY29udGVudC1pbWFnZSI+DQpbc3ZnIG5hbWU9ImdyaWZmZS1yb3VnZSJdDQo8L2Rpdj4=[\/vc_raw_html][\/vc_column_inner][\/vc_row_inner][\/vc_column][\/mk_page_section][mk_page_section padding_top=\u00bb100&#8243; padding_bottom=\u00bb100&#8243; el_class=\u00bbsection-restons-connectes svg-waves wave-transparent-white\u00bb sidebar=\u00bbsidebar-1&#8243;][vc_column][vc_row_inner][vc_column_inner][vc_column_text css=\u00bb.vc_custom_1624270425325{margin-bottom: 0px !important;}\u00bb]\n<h2>Sigamos en contacto<\/h2>\n[\/vc_column_text][vc_column_text css=\u00bb.vc_custom_1624783768555{margin-bottom: 0px !important;}\u00bb]El Payaso, El Maestro y El Listo le esperan para descubrirles el universo de Spa\u00f1asol: \u00a1recetas, juegos, concursos y diversi\u00f3n ![\/vc_column_text][vc_raw_html el_class=\u00bbsocial-network\u00bb]W21rX3NvY2lhbF9uZXR3b3JrcyBzdHlsZT0ic2ltcGxlIiBtYXJnaW49IjAiIGljb25fY29sb3I9IiMyOTI5MjkiIGljb25faG92ZXJfY29sb3I9IiNlZDJjMmQiIGZhY2Vib29rPSJodHRwczovL3d3dy5mYWNlYm9vay5jb20vc3BhbmFzb2wvIiBpbnN0YWdyYW09Imh0dHBzOi8vd3d3Lmluc3RhZ3JhbS5jb20vc3BhbmFzb2wvIiBlbF9jbGFzcz0ic29jaWFsLW5ldHdvcmsiXQ==[\/vc_raw_html][vc_raw_html el_class=\u00bbperso-spanasol\u00bb]PGRpdiBjbGFzcz0icGVyc28tYWJzb2x1dGUtMSI+PGltZyBzcmM9Ii93cC1jb250ZW50L3RoZW1lcy9qdXBpdGVyLWNoaWxkL2Fzc2V0cy9pbWcvcGVyc28tb2xpdmUucG5nIj48L2Rpdj4NCjxkaXYgY2xhc3M9InBlcnNvLWFic29sdXRlLTIiPjxpbWcgc3JjPSIvd3AtY29udGVudC90aGVtZXMvanVwaXRlci1jaGlsZC9hc3NldHMvaW1nL3BlcnNvLXBvaXNjaGljaGUucG5nIj48L2Rpdj4NCjxkaXYgY2xhc3M9InBlcnNvLWFic29sdXRlLTMiPjxpbWcgc3JjPSIvd3AtY29udGVudC90aGVtZXMvanVwaXRlci1jaGlsZC9hc3NldHMvaW1nL3BlcnNvLXRvdXJuZXNvbC5wbmciPjwvZGl2Pg==[\/vc_raw_html][\/vc_column_inner][\/vc_row_inner][\/vc_column][\/mk_page_section][vc_row fullwidth=\u00bbtrue\u00bb parallax=\u00bbcontent-moving\u00bb el_class=\u00bbsection-newsletter\u00bb][vc_column][vc_raw_html]W25ld3NsZXR0ZXJd[\/vc_raw_html][\/vc_column][\/vc_row][vc_row el_class=\u00bbsection-parallax section-parallax-home\u00bb][vc_column][vc_raw_html]W3BhcmFsbGF4XQ==[\/vc_raw_html][\/vc_column][\/vc_row]\n<\/div>","protected":false},"excerpt":{"rendered":"<p>[mk_page_section bg_repeat=\u00bbno-repeat\u00bb min_height=\u00bb0&#8243; full_width=\u00bbtrue\u00bb full_height=\u00bbtrue\u00bb padding_top=\u00bb0&#8243; padding_bottom=\u00bb0&#8243; el_class=\u00bbsection-slider\u00bb sidebar=\u00bbsidebar-1&#8243;][vc_column][\/vc_column][\/mk_page_section][mk_page_section vertical_align=\u00bbtop\u00bb bg_repeat=\u00bbno-repeat\u00bb min_height=\u00bb0&#8243; full_width=\u00bbtrue\u00bb padding_top=\u00bb0&#8243; padding_bottom=\u00bb0&#8243; el_class=\u00bbsection-slider mobile-show\u00bb sidebar=\u00bbsidebar-1&#8243;][vc_column][vc_raw_html]W3N2Z19idG4gYnRuLW5hbWU9IlZlciB0b2RvcyBsb3MgdsOtZGVvcyIgY29sb3ItYmc9InllbGxvdyIgY29sb3ItYXJyb3c9ImRhcmsteWVsbG93IiBocmVmPSJodHRwczovL3d3dy55b3V0dWJlLmNvbS9jaGFubmVsL1VDbUNMTl96c0Jrd2tnU0Q3bEk0RmhpUSJd[\/vc_raw_html][\/vc_column][\/mk_page_section][mk_page_section padding_top=\u00bb100&#8243; padding_bottom=\u00bb100&#8243; el_class=\u00bbsvg-waves wave-transparent-red-2 section-recette-mois\u00bb sidebar=\u00bbsidebar-1&#8243;][vc_column width=\u00bb1\/2&#8243; el_class=\u00bbtext-left\u00bb][vc_row_inner][vc_column_inner][vc_column_text css=\u00bb.vc_custom_1625650094681{margin-bottom: 0px !important;}\u00bb] Cita con Spa\u00f1asol : cocine con nosotros ! [\/vc_column_text][vc_column_text css=\u00bb.vc_custom_1627889457631{margin-bottom: 0px !important;}\u00bb]Tiene una cita con Spa\u00f1asol todos los meses para descubrir una nueva receta ![\/vc_column_text][vc_column_text css=\u00bb.vc_custom_1631716139292{margin-bottom: [&hellip;]<\/p>\n","protected":false},"author":4,"featured_media":0,"parent":0,"menu_order":0,"comment_status":"closed","ping_status":"closed","template":"","meta":{"_acf_changed":false,"_monsterinsights_skip_tracking":false,"_monsterinsights_sitenote_active":false,"_monsterinsights_sitenote_note":"","_monsterinsights_sitenote_category":0,"footnotes":""},"class_list":["post-1700","page","type-page","status-publish","hentry"],"acf":[],"aioseo_notices":[],"_links":{"self":[{"href":"https:\/\/spanasol.com\/es\/wp-json\/wp\/v2\/pages\/1700","targetHints":{"allow":["GET"]}}],"collection":[{"href":"https:\/\/spanasol.com\/es\/wp-json\/wp\/v2\/pages"}],"about":[{"href":"https:\/\/spanasol.com\/es\/wp-json\/wp\/v2\/types\/page"}],"author":[{"embeddable":true,"href":"https:\/\/spanasol.com\/es\/wp-json\/wp\/v2\/users\/4"}],"replies":[{"embeddable":true,"href":"https:\/\/spanasol.com\/es\/wp-json\/wp\/v2\/comments?post=1700"}],"version-history":[{"count":3,"href":"https:\/\/spanasol.com\/es\/wp-json\/wp\/v2\/pages\/1700\/revisions"}],"predecessor-version":[{"id":1703,"href":"https:\/\/spanasol.com\/es\/wp-json\/wp\/v2\/pages\/1700\/revisions\/1703"}],"wp:attachment":[{"href":"https:\/\/spanasol.com\/es\/wp-json\/wp\/v2\/media?parent=1700"}],"curies":[{"name":"wp","href":"https:\/\/api.w.org\/{rel}","templated":true}]}}