 {"id":1711,"date":"2021-09-16T09:39:25","date_gmt":"2021-09-16T07:39:25","guid":{"rendered":"https:\/\/spanasol.com\/quienes-somos\/"},"modified":"2021-09-16T11:34:42","modified_gmt":"2021-09-16T09:34:42","slug":"quienes-somos","status":"publish","type":"page","link":"https:\/\/spanasol.com\/es\/quienes-somos\/","title":{"rendered":"Qui\u00e9nes somos"},"content":{"rendered":"<div class=\"wpb-content-wrapper\">[mk_page_section padding_top=\u00bb200&#8243; padding_bottom=\u00bb200&#8243; el_class=\u00bbsection-nous-connaitre\u00bb sidebar=\u00bbsidebar-1&#8243;][vc_column][vc_column_text css=\u00bb.vc_custom_1627889333783{margin-bottom: 0px !important;}\u00bb]\n<h2>\u00a1 Spa\u00f1asol, ayyy que bueno\u00a0!<\/h2>\n<p>&nbsp;<\/p>\n<h2>Primera marca de alimentaci\u00f3n espa\u00f1ola en Francia !<\/h2>\n[\/vc_column_text][vc_row_inner el_class=\u00bbflex-content\u00bb][vc_column_inner el_class=\u00bbtext-left\u00bb width=\u00bb1\/2&#8243;][vc_column_text css=\u00bb.vc_custom_1627889291056{margin-bottom: 0px !important;}\u00bb]La marca Spa\u00f1asol, creada en 2019 a partir de la modernizaci\u00f3n de la marca Spanico, alegrar\u00e1 sus papilas gustativas y traer\u00e1 el sol a su plato con sus m\u00e1s de 200 referencias. Entre sus productos se encuentran los productos para el aperitivo, las aceitunas y condimentos, las tapas, las legumbres, las especias y ali\u00f1os, las especialidades, los productos de charcuter\u00eda y reposter\u00eda. Con su amplia gama de productos para el aperitivo, Spa\u00f1asol ambientar\u00e1 igualmente sus fiestas. \u00a1\u00bfListos para viajar e ir de fiesta ?!<\/p>\n<p>&nbsp;<\/p>\n<p>Spa\u00f1asol\u00ae, marca registrada y distribuida por Interpole.[\/vc_column_text][\/vc_column_inner][vc_column_inner el_class=\u00bbimage-right\u00bb width=\u00bb1\/2&#8243;][mk_image src=\u00bbhttps:\/\/spanasol.com\/wp-content\/uploads\/2021\/06\/magasin.jpg\u00bb image_size=\u00bbfull\u00bb margin_bottom=\u00bb0&#8243; el_class=\u00bbmask\u00bb][vc_raw_html]PGRpdiBjbGFzcz0iY29udGVudC1pbWFnZSI+DQpbc3ZnIG5hbWU9ImdyaWZmZS1yb3VnZSJdDQo8L2Rpdj4=[\/vc_raw_html][\/vc_column_inner][\/vc_row_inner][vc_row_inner][vc_column_inner el_class=\u00bbdate-spanasol\u00bb][vc_column_text css=\u00bb.vc_custom_1625573737016{margin-bottom: 0px !important;}\u00bb]\n<h2>Spa\u00f1asol<br \/>\nen algunas fechas<\/h2>\n[\/vc_column_text][vc_raw_html]W2RhdGVzIG5haXNzYW5jZT0iQ3JlYWNpw7NuIGRlIFNwYW5pY28iIHRyYW5zaXRpb249IlRyYW5zaWNpw7NuIGRlIFNwYW5pY28gYSBTcGHDsWFzb2wiIG5jPSJTcGHDsWFzb2wgZGVzZW1iYXJjYSBlbiBOdWVhdmEgQ2FsZWRvbmlhIiBiZWxnaXF1ZT0iU3Bhw7Fhc29sIGRlc2VtYmFyY2EgZW4gQsOpbGdpY2EiXQ==[\/vc_raw_html][\/vc_column_inner][\/vc_row_inner][\/vc_column][\/mk_page_section][mk_page_section el_class=\u00bbsection-univers svg-waves wave-white-transparent\u00bb sidebar=\u00bbsidebar-1&#8243;][vc_column][vc_column_text css=\u00bb.vc_custom_1624870000244{margin-bottom: 0px !important;}\u00bb]\n<h2>Nuestro universo<\/h2>\n[\/vc_column_text][vc_row_inner is_fullwidth_content=\u00bbfalse\u00bb animation=\u00bbtop-to-bottom\u00bb el_class=\u00bbflex-image\u00bb][vc_column_inner el_class=\u00bbleft-image\u00bb width=\u00bb1\/3&#8243;][mk_image src=\u00bbhttps:\/\/spanasol.com\/wp-content\/uploads\/2021\/06\/espagne.jpg\u00bb image_width=\u00bb350&#8243; image_height=\u00bb550&#8243; margin_bottom=\u00bb0&#8243;][\/vc_column_inner][vc_column_inner el_class=\u00bbcenter-image\u00bb width=\u00bb1\/3&#8243;][mk_image src=\u00bbhttps:\/\/spanasol.com\/wp-content\/uploads\/2021\/06\/chickpeas-1794152.jpg\u00bb image_width=\u00bb350&#8243; image_height=\u00bb550&#8243; align=\u00bbcenter\u00bb margin_bottom=\u00bb0&#8243;][\/vc_column_inner][vc_column_inner el_class=\u00bbright-image\u00bb width=\u00bb1\/3&#8243;][mk_image src=\u00bbhttps:\/\/spanasol.com\/wp-content\/uploads\/2021\/06\/coppeephoto-ambiances-charcut-interpole-bd-102.jpg\u00bb image_width=\u00bb350&#8243; image_height=\u00bb550&#8243; align=\u00bbright\u00bb margin_bottom=\u00bb0&#8243;][\/vc_column_inner][\/vc_row_inner][vc_row_inner animation=\u00bbtop-to-bottom\u00bb][vc_column_inner el_class=\u00bbbtn-produits\u00bb][vc_raw_html]W3N2Z19idG4gYnRuLW5hbWU9IlZlciB0b2RvcyBudWVzdHJvcyBwcm9kdWN0b3MiIGNvbG9yLWJnPSJ3aGl0ZSIgY29sb3ItYXJyb3c9InJlZCIgaHJlZj0iL2VzL251ZXN0cm9zLXByb2R1Y3Rvcy8iXQ==[\/vc_raw_html][\/vc_column_inner][\/vc_row_inner][\/vc_column][\/mk_page_section][vc_row el_class=\u00bbsection-parallax\u00bb][vc_column][vc_raw_html]W3BhcmFsbGF4XQ==[\/vc_raw_html][\/vc_column][\/vc_row]\n<\/div>","protected":false},"excerpt":{"rendered":"<p>[mk_page_section padding_top=\u00bb200&#8243; padding_bottom=\u00bb200&#8243; el_class=\u00bbsection-nous-connaitre\u00bb sidebar=\u00bbsidebar-1&#8243;][vc_column][vc_column_text css=\u00bb.vc_custom_1627889333783{margin-bottom: 0px !important;}\u00bb] \u00a1 Spa\u00f1asol, ayyy que bueno\u00a0! &nbsp; Primera marca de alimentaci\u00f3n espa\u00f1ola en Francia ! [\/vc_column_text][vc_row_inner el_class=\u00bbflex-content\u00bb][vc_column_inner el_class=\u00bbtext-left\u00bb width=\u00bb1\/2&#8243;][vc_column_text css=\u00bb.vc_custom_1627889291056{margin-bottom: 0px !important;}\u00bb]La marca Spa\u00f1asol, creada en 2019 a partir de la modernizaci\u00f3n de la marca Spanico, alegrar\u00e1 sus papilas gustativas y traer\u00e1 el sol a su plato con [&hellip;]<\/p>\n","protected":false},"author":4,"featured_media":0,"parent":0,"menu_order":1,"comment_status":"closed","ping_status":"closed","template":"","meta":{"_acf_changed":false,"_monsterinsights_skip_tracking":false,"_monsterinsights_sitenote_active":false,"_monsterinsights_sitenote_note":"","_monsterinsights_sitenote_category":0,"footnotes":""},"class_list":["post-1711","page","type-page","status-publish","hentry"],"acf":[],"aioseo_notices":[],"_links":{"self":[{"href":"https:\/\/spanasol.com\/es\/wp-json\/wp\/v2\/pages\/1711","targetHints":{"allow":["GET"]}}],"collection":[{"href":"https:\/\/spanasol.com\/es\/wp-json\/wp\/v2\/pages"}],"about":[{"href":"https:\/\/spanasol.com\/es\/wp-json\/wp\/v2\/types\/page"}],"author":[{"embeddable":true,"href":"https:\/\/spanasol.com\/es\/wp-json\/wp\/v2\/users\/4"}],"replies":[{"embeddable":true,"href":"https:\/\/spanasol.com\/es\/wp-json\/wp\/v2\/comments?post=1711"}],"version-history":[{"count":2,"href":"https:\/\/spanasol.com\/es\/wp-json\/wp\/v2\/pages\/1711\/revisions"}],"predecessor-version":[{"id":1713,"href":"https:\/\/spanasol.com\/es\/wp-json\/wp\/v2\/pages\/1711\/revisions\/1713"}],"wp:attachment":[{"href":"https:\/\/spanasol.com\/es\/wp-json\/wp\/v2\/media?parent=1711"}],"curies":[{"name":"wp","href":"https:\/\/api.w.org\/{rel}","templated":true}]}}