 {"id":1731,"date":"2021-09-16T10:15:18","date_gmt":"2021-09-16T08:15:18","guid":{"rendered":"https:\/\/spanasol.com\/profesionales\/"},"modified":"2021-09-16T11:35:52","modified_gmt":"2021-09-16T09:35:52","slug":"profesionales","status":"publish","type":"page","link":"https:\/\/spanasol.com\/es\/profesionales\/","title":{"rendered":"Profesionales"},"content":{"rendered":"<div class=\"wpb-content-wrapper\">[mk_page_section full_width=\u00bbtrue\u00bb padding_top=\u00bb0&#8243; padding_bottom=\u00bb0&#8243; el_class=\u00bbsection-image-fond\u00bb sidebar=\u00bbsidebar-1&#8243;][vc_column][mk_image src=\u00bbhttps:\/\/spanasol.com\/wp-content\/uploads\/2021\/06\/img_pros.jpg\u00bb image_width=\u00bb2000&#8243; image_height=\u00bb500&#8243; margin_bottom=\u00bb0&#8243;][\/vc_column][\/mk_page_section][mk_page_section padding_top=\u00bb100&#8243; padding_bottom=\u00bb300&#8243; el_class=\u00bbsection-pros svg-waves wave-transparent-white\u00bb sidebar=\u00bbsidebar-1&#8243;][vc_column][vc_column_text css=\u00bb.vc_custom_1625047653069{margin-bottom: 0px !important;}\u00bb]\n<h2>\u00bfLe interesan nuestros productos?<\/h2>\n[\/vc_column_text][vc_column_text css=\u00bb.vc_custom_1626347044090{margin-bottom: 0px !important;}\u00bb]\n<p class=\"m_-5378409455933929572MsoPlainText\">SPA\u00d1ASOL es una marca registrada de la sociedad INTERPOLE.<br \/>\nINTERPOLE lleva a cabo la promoci\u00f3n y distribuci\u00f3n exclusiva en todo el mundo en m\u00e1s de 800 puntos de venta.<\/p>\n<p class=\"m_-5378409455933929572MsoPlainText\">Conf\u00edan en nosotros :<\/p>\n[\/vc_column_text][mk_image src=\u00bbhttps:\/\/spanasol.com\/wp-content\/uploads\/2021\/07\/logos_partenaires_2021.png\u00bb image_size=\u00bbfull\u00bb margin_bottom=\u00bb30&#8243;][vc_raw_html el_class=\u00bbbtn-contact\u00bb]W3N2Z19idG4gYnRuLW5hbWU9IkNvbnRhY3RvIGNvbiBub3NvdHJvcyIgY29sb3ItYmc9InllbGxvdyIgY29sb3ItYXJyb3c9ImRhcmsteWVsbG93IiBocmVmPSIvZXMvY29udGFjdG8tY29uLW5vc290cm9zLyJd[\/vc_raw_html][\/vc_column][\/mk_page_section][vc_row el_class=\u00bbsection-parallax\u00bb][vc_column][vc_raw_html]W3BhcmFsbGF4XQ==[\/vc_raw_html][\/vc_column][\/vc_row]\n<\/div>","protected":false},"excerpt":{"rendered":"<p>[mk_page_section full_width=\u00bbtrue\u00bb padding_top=\u00bb0&#8243; padding_bottom=\u00bb0&#8243; el_class=\u00bbsection-image-fond\u00bb sidebar=\u00bbsidebar-1&#8243;][vc_column][mk_image src=\u00bbhttps:\/\/spanasol.com\/wp-content\/uploads\/2021\/06\/img_pros.jpg\u00bb image_width=\u00bb2000&#8243; image_height=\u00bb500&#8243; margin_bottom=\u00bb0&#8243;][\/vc_column][\/mk_page_section][mk_page_section padding_top=\u00bb100&#8243; padding_bottom=\u00bb300&#8243; el_class=\u00bbsection-pros svg-waves wave-transparent-white\u00bb sidebar=\u00bbsidebar-1&#8243;][vc_column][vc_column_text css=\u00bb.vc_custom_1625047653069{margin-bottom: 0px !important;}\u00bb] \u00bfLe interesan nuestros productos? [\/vc_column_text][vc_column_text css=\u00bb.vc_custom_1626347044090{margin-bottom: 0px !important;}\u00bb] SPA\u00d1ASOL es una marca registrada de la sociedad INTERPOLE. INTERPOLE lleva a cabo la promoci\u00f3n y distribuci\u00f3n exclusiva en todo el mundo en m\u00e1s de 800 puntos de [&hellip;]<\/p>\n","protected":false},"author":4,"featured_media":0,"parent":0,"menu_order":21,"comment_status":"closed","ping_status":"closed","template":"","meta":{"_acf_changed":false,"_monsterinsights_skip_tracking":false,"_monsterinsights_sitenote_active":false,"_monsterinsights_sitenote_note":"","_monsterinsights_sitenote_category":0,"footnotes":""},"class_list":["post-1731","page","type-page","status-publish","hentry"],"acf":[],"aioseo_notices":[],"_links":{"self":[{"href":"https:\/\/spanasol.com\/es\/wp-json\/wp\/v2\/pages\/1731","targetHints":{"allow":["GET"]}}],"collection":[{"href":"https:\/\/spanasol.com\/es\/wp-json\/wp\/v2\/pages"}],"about":[{"href":"https:\/\/spanasol.com\/es\/wp-json\/wp\/v2\/types\/page"}],"author":[{"embeddable":true,"href":"https:\/\/spanasol.com\/es\/wp-json\/wp\/v2\/users\/4"}],"replies":[{"embeddable":true,"href":"https:\/\/spanasol.com\/es\/wp-json\/wp\/v2\/comments?post=1731"}],"version-history":[{"count":2,"href":"https:\/\/spanasol.com\/es\/wp-json\/wp\/v2\/pages\/1731\/revisions"}],"predecessor-version":[{"id":1733,"href":"https:\/\/spanasol.com\/es\/wp-json\/wp\/v2\/pages\/1731\/revisions\/1733"}],"wp:attachment":[{"href":"https:\/\/spanasol.com\/es\/wp-json\/wp\/v2\/media?parent=1731"}],"curies":[{"name":"wp","href":"https:\/\/api.w.org\/{rel}","templated":true}]}}